{"id":3266,"date":"2015-08-30T14:00:17","date_gmt":"2015-08-30T14:00:17","guid":{"rendered":"http:\/\/sw-themes.com\/porto_dummy\/?page_id=3266"},"modified":"2015-08-30T14:00:17","modified_gmt":"2015-08-30T14:00:17","slug":"home-version-17","status":"publish","type":"page","link":"http:\/\/meccamall.jo\/english2\/home\/home-version-17\/","title":{"rendered":"Home Version 17"},"content":{"rendered":"<div class=\"vc_row wpb_row vc_row-fluid section section-default m-t-none m-b-none\"><div class=\"porto-wrap-container container\"><div class=\"vc_row wpb_row vc_row-fluid\"><div class=\"vc_column_container vc_col-sm-12\"><div class=\"wpb_wrapper\"><h2 style=\"text-align: center\" class=\"vc_custom_heading\">Our <strong>Services<\/strong><\/h2><div class=\"vc_row wpb_row vc_inner vc_row-fluid\"><div class=\"vc_column_container vc_col-sm-4\"><div class=\"wpb_wrapper\"><div class=\"aio-icon-component  m-b-n-xl style_1\"><div class=\"aio-icon-box left-icon\" style=\"\"  ><div class=\"aio-icon-left\"><div class=\"ult-just-icon-wrapper \"><div class=\"align-icon\" style=\"text-align:center;\">\n<div class=\"aio-icon-img \" style=\"font-size:100px;display:inline-block;\" data-animation=\"fadeInUp\" data-animation-delay=\"03\">\n\t<img decoding=\"async\" class=\"img-icon\" alt=\"\" src=\"http:\/\/meccamall.jo\/english2\/wp-content\/uploads\/2015\/08\/seo-grey-1.png\"\/>\n<\/div><\/div><\/div><\/div><div class=\"aio-ibd-block\"><div class=\"aio-icon-header\"><h3 class=\"aio-icon-title\" style=\"\">SEO Optimization<\/h3><\/div> <!-- header --><div class=\"aio-icon-description\" style=\"\">Lorem ipsum dolor sit amet, consectetur adipiscing elit.<a class=\"aio-icon-read\" href=\"#\" target=\"\">View More&nbsp;&raquo;<\/a><\/div> <!-- description --><\/div> <!-- aio-ibd-block --><\/div> <!-- aio-icon-box --><\/div> <!-- aio-icon-component --><\/div><\/div><div class=\"vc_column_container vc_col-sm-4\"><div class=\"wpb_wrapper\"><div class=\"aio-icon-component  m-b-n-xl style_1\"><div class=\"aio-icon-box left-icon\" style=\"\"  ><div class=\"aio-icon-left\"><div class=\"ult-just-icon-wrapper \"><div class=\"align-icon\" style=\"text-align:center;\">\n<div class=\"aio-icon-img \" style=\"font-size:100px;display:inline-block;\" data-animation=\"fadeInUp\" data-animation-delay=\"03\">\n\t<img decoding=\"async\" class=\"img-icon\" alt=\"\" src=\"http:\/\/meccamall.jo\/english2\/wp-content\/uploads\/2015\/08\/marketing-grey-1.png\"\/>\n<\/div><\/div><\/div><\/div><div class=\"aio-ibd-block\"><div class=\"aio-icon-header\"><h3 class=\"aio-icon-title\" style=\"\">Marketing<\/h3><\/div> <!-- header --><div class=\"aio-icon-description\" style=\"\">Lorem ipsum dolor sit amet, consectetur adipiscing elit.<a class=\"aio-icon-read\" href=\"#\" target=\"\">View More&nbsp;&raquo;<\/a><\/div> <!-- description --><\/div> <!-- aio-ibd-block --><\/div> <!-- aio-icon-box --><\/div> <!-- aio-icon-component --><\/div><\/div><div class=\"vc_column_container vc_col-sm-4\"><div class=\"wpb_wrapper\"><div class=\"aio-icon-component  m-b-n-xl style_1\"><div class=\"aio-icon-box left-icon\" style=\"\"  ><div class=\"aio-icon-left\"><div class=\"ult-just-icon-wrapper \"><div class=\"align-icon\" style=\"text-align:center;\">\n<div class=\"aio-icon-img \" style=\"font-size:100px;display:inline-block;\" data-animation=\"fadeInUp\" data-animation-delay=\"03\">\n\t<img decoding=\"async\" class=\"img-icon\" alt=\"\" src=\"http:\/\/meccamall.jo\/english2\/wp-content\/uploads\/2015\/08\/support-grey-1.png\"\/>\n<\/div><\/div><\/div><\/div><div class=\"aio-ibd-block\"><div class=\"aio-icon-header\"><h3 class=\"aio-icon-title\" style=\"\">Support Services<\/h3><\/div> <!-- header --><div class=\"aio-icon-description\" style=\"\">Lorem ipsum dolor sit amet, consectetur adipiscing elit.<a class=\"aio-icon-read\" href=\"#\" target=\"\">View More&nbsp;&raquo;<\/a><\/div> <!-- description --><\/div> <!-- aio-ibd-block --><\/div> <!-- aio-icon-box --><\/div> <!-- aio-icon-component --><\/div><\/div><\/div><\/div><\/div><\/div><\/div><\/div><div class=\"vc_row wpb_row vc_row-fluid section section-parallax m-t-none m-b-none\"><div class=\"porto-wrap-container container\"><div class=\"vc_row wpb_row vc_row-fluid\"><div class=\"vc_column_container vc_col-sm-3\"><div class=\"wpb_wrapper\">\n\t<div class=\"wpb_single_image wpb_content_element vc_align_left   m-b-md\">\n\t\t<div class=\"wpb_wrapper\">\n\t\t\t\n\t\t\t<div class=\"vc_single_image-wrapper   vc_box_border_grey\"><\/div>\n\t\t<\/div>\n\t<\/div>\n<\/div><\/div><div class=\"vc_column_container vc_col-sm-9\"><div class=\"wpb_wrapper\"><h2 style=\"text-align: left\" class=\"vc_custom_heading m-b-md\">Our <strong>Company<\/strong><\/h2><p style=\"text-align: left\" class=\"vc_custom_heading lead\">Lorem ipsum dolor sit amet, consectetur adipiscing elit. Ut feugiat urna arcu. Mauris lobortis nulla ut aliquet interdum.<\/p>\n\t<div class=\"wpb_text_column wpb_content_element \">\n\t\t<div class=\"wpb_wrapper\">\n\t\t\t<p>Mauris lobortis nulla ut aliquet interdum. Donec commodo ac elit sed placerat. Mauris rhoncus est ac sodales gravida. In eros felis, elementum aliquam nisi vel, pellentesque faucibus nulla. Lorem ipsum dolor. <a class=\"btn-flat btn-xs\" href=\"#\">View More <i class=\"fa fa-arrow-right\"><\/i><\/a><\/p>\n\n\t\t<\/div>\n\t<\/div>\n<\/div><\/div><\/div><\/div><\/div><div class=\"vc_row wpb_row vc_row-fluid section section-default m-t-none m-b-none\"><div class=\"porto-wrap-container container\"><div class=\"vc_row wpb_row vc_row-fluid\"><div class=\"vc_column_container vc_col-sm-12\"><div class=\"wpb_wrapper\"><h2 style=\"text-align: center\" class=\"vc_custom_heading\">Our <strong>Team<\/strong><\/h2><div class=\"vc_row wpb_row vc_inner vc_row-fluid\"><div class=\"m-b-md vc_column_container vc_col-sm-4 vc_col-lg-2 vc_col-md-2 vc_col-xs-6\"><div class=\"wpb_wrapper\">\n\t<div class=\"wpb_single_image wpb_content_element vc_align_center   m-b-sm\">\n\t\t<div class=\"wpb_wrapper\">\n\t\t\t\n\t\t\t<div class=\"vc_single_image-wrapper   vc_box_border_grey\"><\/div>\n\t\t<\/div>\n\t<\/div>\n<h5 style=\"text-align: center\" class=\"vc_custom_heading m-b-none\">BRUNO DOE<\/h5>\n\t<div class=\"wpb_text_column wpb_content_element \">\n\t\t<div class=\"wpb_wrapper\">\n\t\t\t<p style=\"text-align: center;\">CEO<\/p>\n\n\t\t<\/div>\n\t<\/div>\n<\/div><\/div><div class=\"m-b-md vc_column_container vc_col-sm-4 vc_col-lg-2 vc_col-md-2 vc_col-xs-6\"><div class=\"wpb_wrapper\">\n\t<div class=\"wpb_single_image wpb_content_element vc_align_center   m-b-sm\">\n\t\t<div class=\"wpb_wrapper\">\n\t\t\t\n\t\t\t<div class=\"vc_single_image-wrapper   vc_box_border_grey\"><img loading=\"lazy\" decoding=\"async\" width=\"585\" height=\"585\" src=\"http:\/\/meccamall.jo\/english2\/wp-content\/uploads\/2015\/08\/team-12-1.jpg\" class=\"vc_single_image-img attachment-full\" alt=\"\" srcset=\"http:\/\/meccamall.jo\/english2\/wp-content\/uploads\/2015\/08\/team-12-1.jpg 585w, http:\/\/meccamall.jo\/english2\/wp-content\/uploads\/2015\/08\/team-12-1-150x150.jpg 150w, http:\/\/meccamall.jo\/english2\/wp-content\/uploads\/2015\/08\/team-12-1-300x300.jpg 300w, http:\/\/meccamall.jo\/english2\/wp-content\/uploads\/2015\/08\/team-12-1-90x90.jpg 90w, http:\/\/meccamall.jo\/english2\/wp-content\/uploads\/2015\/08\/team-12-1-560x560.jpg 560w, http:\/\/meccamall.jo\/english2\/wp-content\/uploads\/2015\/08\/team-12-1-367x367.jpg 367w, http:\/\/meccamall.jo\/english2\/wp-content\/uploads\/2015\/08\/team-12-1-450x450.jpg 450w, http:\/\/meccamall.jo\/english2\/wp-content\/uploads\/2015\/08\/team-12-1-85x85.jpg 85w, http:\/\/meccamall.jo\/english2\/wp-content\/uploads\/2015\/08\/team-12-1-50x50.jpg 50w\" sizes=\"auto, (max-width: 585px) 100vw, 585px\" \/><\/div>\n\t\t<\/div>\n\t<\/div>\n<h5 style=\"text-align: center\" class=\"vc_custom_heading m-b-none\">JEFF DOE<\/h5>\n\t<div class=\"wpb_text_column wpb_content_element \">\n\t\t<div class=\"wpb_wrapper\">\n\t\t\t<p style=\"text-align: center;\">Developer<\/p>\n\n\t\t<\/div>\n\t<\/div>\n<\/div><\/div><div class=\"m-b-md vc_column_container vc_col-sm-4 vc_col-lg-2 vc_col-md-2 vc_col-xs-6\"><div class=\"wpb_wrapper\">\n\t<div class=\"wpb_single_image wpb_content_element vc_align_center   m-b-sm\">\n\t\t<div class=\"wpb_wrapper\">\n\t\t\t\n\t\t\t<div class=\"vc_single_image-wrapper   vc_box_border_grey\"><img loading=\"lazy\" decoding=\"async\" width=\"585\" height=\"585\" src=\"http:\/\/meccamall.jo\/english2\/wp-content\/uploads\/2015\/08\/team-13-1.jpg\" class=\"vc_single_image-img attachment-full\" alt=\"\" srcset=\"http:\/\/meccamall.jo\/english2\/wp-content\/uploads\/2015\/08\/team-13-1.jpg 585w, http:\/\/meccamall.jo\/english2\/wp-content\/uploads\/2015\/08\/team-13-1-150x150.jpg 150w, http:\/\/meccamall.jo\/english2\/wp-content\/uploads\/2015\/08\/team-13-1-300x300.jpg 300w, http:\/\/meccamall.jo\/english2\/wp-content\/uploads\/2015\/08\/team-13-1-90x90.jpg 90w, http:\/\/meccamall.jo\/english2\/wp-content\/uploads\/2015\/08\/team-13-1-560x560.jpg 560w, http:\/\/meccamall.jo\/english2\/wp-content\/uploads\/2015\/08\/team-13-1-367x367.jpg 367w, http:\/\/meccamall.jo\/english2\/wp-content\/uploads\/2015\/08\/team-13-1-450x450.jpg 450w, http:\/\/meccamall.jo\/english2\/wp-content\/uploads\/2015\/08\/team-13-1-85x85.jpg 85w, http:\/\/meccamall.jo\/english2\/wp-content\/uploads\/2015\/08\/team-13-1-50x50.jpg 50w\" sizes=\"auto, (max-width: 585px) 100vw, 585px\" \/><\/div>\n\t\t<\/div>\n\t<\/div>\n<h5 style=\"text-align: center\" class=\"vc_custom_heading m-b-none\">JESSICA DOE<\/h5>\n\t<div class=\"wpb_text_column wpb_content_element \">\n\t\t<div class=\"wpb_wrapper\">\n\t\t\t<p style=\"text-align: center;\">Marketing<\/p>\n\n\t\t<\/div>\n\t<\/div>\n<\/div><\/div><div class=\"m-b-md vc_column_container vc_col-sm-4 vc_col-lg-2 vc_col-md-2 vc_col-xs-6\"><div class=\"wpb_wrapper\">\n\t<div class=\"wpb_single_image wpb_content_element vc_align_center   m-b-sm\">\n\t\t<div class=\"wpb_wrapper\">\n\t\t\t\n\t\t\t<div class=\"vc_single_image-wrapper   vc_box_border_grey\"><img loading=\"lazy\" decoding=\"async\" width=\"585\" height=\"585\" src=\"http:\/\/meccamall.jo\/english2\/wp-content\/uploads\/2015\/08\/team-14-1.jpg\" class=\"vc_single_image-img attachment-full\" alt=\"\" srcset=\"http:\/\/meccamall.jo\/english2\/wp-content\/uploads\/2015\/08\/team-14-1.jpg 585w, http:\/\/meccamall.jo\/english2\/wp-content\/uploads\/2015\/08\/team-14-1-150x150.jpg 150w, http:\/\/meccamall.jo\/english2\/wp-content\/uploads\/2015\/08\/team-14-1-300x300.jpg 300w, http:\/\/meccamall.jo\/english2\/wp-content\/uploads\/2015\/08\/team-14-1-90x90.jpg 90w, http:\/\/meccamall.jo\/english2\/wp-content\/uploads\/2015\/08\/team-14-1-560x560.jpg 560w, http:\/\/meccamall.jo\/english2\/wp-content\/uploads\/2015\/08\/team-14-1-367x367.jpg 367w, http:\/\/meccamall.jo\/english2\/wp-content\/uploads\/2015\/08\/team-14-1-450x450.jpg 450w, http:\/\/meccamall.jo\/english2\/wp-content\/uploads\/2015\/08\/team-14-1-85x85.jpg 85w, http:\/\/meccamall.jo\/english2\/wp-content\/uploads\/2015\/08\/team-14-1-50x50.jpg 50w\" sizes=\"auto, (max-width: 585px) 100vw, 585px\" \/><\/div>\n\t\t<\/div>\n\t<\/div>\n<h5 style=\"text-align: center\" class=\"vc_custom_heading m-b-none\">GREG DOE<\/h5>\n\t<div class=\"wpb_text_column wpb_content_element \">\n\t\t<div class=\"wpb_wrapper\">\n\t\t\t<p style=\"text-align: center;\">SEO<\/p>\n\n\t\t<\/div>\n\t<\/div>\n<\/div><\/div><div class=\"m-b-md vc_column_container vc_col-sm-4 vc_col-lg-2 vc_col-md-2 vc_col-xs-6\"><div class=\"wpb_wrapper\">\n\t<div class=\"wpb_single_image wpb_content_element vc_align_center   m-b-sm\">\n\t\t<div class=\"wpb_wrapper\">\n\t\t\t\n\t\t\t<div class=\"vc_single_image-wrapper   vc_box_border_grey\"><img loading=\"lazy\" decoding=\"async\" width=\"585\" height=\"585\" src=\"http:\/\/meccamall.jo\/english2\/wp-content\/uploads\/2015\/08\/team-15-1.jpg\" class=\"vc_single_image-img attachment-full\" alt=\"\" srcset=\"http:\/\/meccamall.jo\/english2\/wp-content\/uploads\/2015\/08\/team-15-1.jpg 585w, http:\/\/meccamall.jo\/english2\/wp-content\/uploads\/2015\/08\/team-15-1-150x150.jpg 150w, http:\/\/meccamall.jo\/english2\/wp-content\/uploads\/2015\/08\/team-15-1-300x300.jpg 300w, http:\/\/meccamall.jo\/english2\/wp-content\/uploads\/2015\/08\/team-15-1-90x90.jpg 90w, http:\/\/meccamall.jo\/english2\/wp-content\/uploads\/2015\/08\/team-15-1-560x560.jpg 560w, http:\/\/meccamall.jo\/english2\/wp-content\/uploads\/2015\/08\/team-15-1-367x367.jpg 367w, http:\/\/meccamall.jo\/english2\/wp-content\/uploads\/2015\/08\/team-15-1-450x450.jpg 450w, http:\/\/meccamall.jo\/english2\/wp-content\/uploads\/2015\/08\/team-15-1-85x85.jpg 85w, http:\/\/meccamall.jo\/english2\/wp-content\/uploads\/2015\/08\/team-15-1-50x50.jpg 50w\" sizes=\"auto, (max-width: 585px) 100vw, 585px\" \/><\/div>\n\t\t<\/div>\n\t<\/div>\n<h5 style=\"text-align: center\" class=\"vc_custom_heading m-b-none\">ALEX DOE<\/h5>\n\t<div class=\"wpb_text_column wpb_content_element \">\n\t\t<div class=\"wpb_wrapper\">\n\t\t\t<p style=\"text-align: center;\">Support<\/p>\n\n\t\t<\/div>\n\t<\/div>\n<\/div><\/div><div class=\"m-b-md vc_column_container vc_col-sm-4 vc_col-lg-2 vc_col-md-2 vc_col-xs-6\"><div class=\"wpb_wrapper\">\n\t<div class=\"wpb_single_image wpb_content_element vc_align_center   m-b-sm\">\n\t\t<div class=\"wpb_wrapper\">\n\t\t\t\n\t\t\t<div class=\"vc_single_image-wrapper   vc_box_border_grey\"><img loading=\"lazy\" decoding=\"async\" width=\"585\" height=\"585\" src=\"http:\/\/meccamall.jo\/english2\/wp-content\/uploads\/2015\/08\/team-16-1.jpg\" class=\"vc_single_image-img attachment-full\" alt=\"\" srcset=\"http:\/\/meccamall.jo\/english2\/wp-content\/uploads\/2015\/08\/team-16-1.jpg 585w, http:\/\/meccamall.jo\/english2\/wp-content\/uploads\/2015\/08\/team-16-1-150x150.jpg 150w, http:\/\/meccamall.jo\/english2\/wp-content\/uploads\/2015\/08\/team-16-1-300x300.jpg 300w, http:\/\/meccamall.jo\/english2\/wp-content\/uploads\/2015\/08\/team-16-1-90x90.jpg 90w, http:\/\/meccamall.jo\/english2\/wp-content\/uploads\/2015\/08\/team-16-1-560x560.jpg 560w, http:\/\/meccamall.jo\/english2\/wp-content\/uploads\/2015\/08\/team-16-1-367x367.jpg 367w, http:\/\/meccamall.jo\/english2\/wp-content\/uploads\/2015\/08\/team-16-1-450x450.jpg 450w, http:\/\/meccamall.jo\/english2\/wp-content\/uploads\/2015\/08\/team-16-1-85x85.jpg 85w, http:\/\/meccamall.jo\/english2\/wp-content\/uploads\/2015\/08\/team-16-1-50x50.jpg 50w\" sizes=\"auto, (max-width: 585px) 100vw, 585px\" \/><\/div>\n\t\t<\/div>\n\t<\/div>\n<h5 style=\"text-align: center\" class=\"vc_custom_heading m-b-none\">MELISSA DOE<\/h5>\n\t<div class=\"wpb_text_column wpb_content_element \">\n\t\t<div class=\"wpb_wrapper\">\n\t\t\t<p style=\"text-align: center;\">Support<\/p>\n\n\t\t<\/div>\n\t<\/div>\n<\/div><\/div><\/div><\/div><\/div><\/div><\/div><\/div><div class=\"vc_row wpb_row vc_row-fluid section section-parallax m-t-none m-b-none\"><div class=\"porto-wrap-container container\"><div class=\"vc_row wpb_row vc_row-fluid\"><div class=\"vc_column_container vc_col-sm-1\"><div class=\"wpb_wrapper\"><\/div><\/div><div class=\"vc_column_container vc_col-sm-10\"><div class=\"wpb_wrapper\"><div id=\"ult-carousel-89199420869d2b124eb396\" class=\"ult-carousel-wrapper  ult_horizontal\" data-gutter=\"0\" data-rtl=\"false\" ><div class=\"ult-carousel-125232421869d2b124eb36d \" ><div class=\"ult-item-wrap\" data-animation=\"animated no-animation\"><div class=\"porto-testimonial wpb_content_element \"><div class=\"testimonial testimonial-style-2 testimonial-with-quotes testimonial-light\"><img decoding=\"async\" class=\"img-responsive img-circle\" src=\"\/\/meccamall.jo\/english2\/wp-content\/uploads\/2015\/01\/testimonial_01-1.jpg\" alt=\"John Smith\"><blockquote class=\"testimonial-carousel white\"><p>Lorem ipsum dolor sit amet, consectetur adipiscing elit. Donec hendrerit vehicula est, in consequat. Lorem ipsum dolor sit amet, consectetur adipiscing elit. Donec hendrerit vehicula est, in consequat. Donec hendrerit vehicula est, in consequat. Donec hendrerit vehicula est, in consequat.<\/p>\n<p><\/p><\/blockquote><div class=\"testimonial-author\"><p><strong>John Smith<\/strong><span>CEO &amp; Founder - Okler<\/span><\/p><\/div><\/div><\/div><\/div><div class=\"ult-item-wrap\" data-animation=\"animated no-animation\"><div class=\"porto-testimonial wpb_content_element \"><div class=\"testimonial testimonial-style-2 testimonial-with-quotes testimonial-light\"><img decoding=\"async\" class=\"img-responsive img-circle\" src=\"\/\/meccamall.jo\/english2\/wp-content\/uploads\/2015\/01\/testimonial_01-1.jpg\" alt=\"John Smith\"><blockquote class=\"testimonial-carousel white\"><p>Lorem ipsum dolor sit amet, consectetur adipiscing elit. Donec hendrerit vehicula est, in consequat. Lorem ipsum dolor sit amet, consectetur adipiscing elit. Donec hendrerit vehicula est, in consequat.<\/p>\n<p><\/p><\/blockquote><div class=\"testimonial-author\"><p><strong>John Smith<\/strong><span>CEO &amp; Founder - Okler<\/span><\/p><\/div><\/div><\/div><\/div><\/div><\/div>            <script type=\"text\/javascript\">\n\t\t\t\tjQuery(document).ready(function($){\n               \t\t$('.ult-carousel-125232421869d2b124eb36d').slick({dots: true,autoplay: true,autoplaySpeed: 5000,speed: 300,infinite: false,arrows: false,slidesToScroll:1,slidesToShow:1,swipe: true,draggable: true,touchMove: true,responsive: [\n\t\t\t\t\t\t\t{\n\t\t\t\t\t\t\t  breakpoint: 1025,\n\t\t\t\t\t\t\t  settings: {\n\t\t\t\t\t\t\t\tslidesToShow: 1,\n\t\t\t\t\t\t\t\tslidesToScroll: 1,  \n\t\t\t\t\t\t\t  }\n\t\t\t\t\t\t\t},\n\t\t\t\t\t\t\t{\n\t\t\t\t\t\t\t  breakpoint: 769,\n\t\t\t\t\t\t\t  settings: {\n\t\t\t\t\t\t\t\tslidesToShow: 1,\n\t\t\t\t\t\t\t\tslidesToScroll: 1\n\t\t\t\t\t\t\t  }\n\t\t\t\t\t\t\t},\n\t\t\t\t\t\t\t{\n\t\t\t\t\t\t\t  breakpoint: 481,\n\t\t\t\t\t\t\t  settings: {\n\t\t\t\t\t\t\t\tslidesToShow: 1,\n\t\t\t\t\t\t\t\tslidesToScroll: 1\n\t\t\t\t\t\t\t  }\n\t\t\t\t\t\t\t}\n\t\t\t\t\t\t],pauseOnHover: true,\n\t\t\t\t\t\tpauseOnDotsHover: true,customPaging: function(slider, i) {\n                   return '<i type=\"button\"  class=\"ultsl-record\" data-role=\"none\"><\/i>';\n                },});\n\t\t\t\t});\n\t\t\t<\/script>\n            <\/div><\/div><div class=\"vc_column_container vc_col-sm-1\"><div class=\"wpb_wrapper\"><\/div><\/div><\/div><\/div><\/div><!-- Row Backgrounds --><div class=\"upb_bg_img\" data-ultimate-bg=\"url(http:\/\/meccamall.jo\/english2\/wp-content\/uploads\/2015\/08\/parallax-image-2-1.jpg)\" data-image-id=\"3427|http:\/\/meccamall.jo\/english2\/wp-content\/uploads\/2015\/08\/parallax-image-2-1.jpg\" data-ultimate-bg-style=\"vcpb-vz-jquery\" data-bg-img-repeat=\"repeat\" data-bg-img-size=\"cover\" data-bg-img-position=\"\" data-parallx_sense=\"30\" data-bg-override=\"full\" data-bg_img_attach=\"scroll\" data-upb-overlay-color=\"\" data-upb-bg-animation=\"\" data-fadeout=\"\" data-bg-animation=\"left-animation\" data-bg-animation-type=\"h\" data-animation-repeat=\"repeat\" data-fadeout-percentage=\"30\" data-parallax-content=\"\" data-parallax-content-sense=\"30\" data-row-effect-mobile-disable=\"true\" data-img-parallax-mobile-disable=\"true\" data-rtl=\"false\"  data-custom-vc-row=\"\"  data-vc=\"4.7.2\"  data-theme-support=\"\"   data-overlay=\"false\" data-overlay-color=\"\" data-overlay-pattern=\"\" data-overlay-pattern-opacity=\"\" data-overlay-pattern-size=\"\"    ><\/div><div class=\"vc_row wpb_row vc_row-fluid section section-parallax m-t-none m-b-none\"><div class=\"porto-wrap-container container\"><div class=\"vc_row wpb_row vc_row-fluid\"><div class=\"vc_column_container vc_col-sm-12\"><div class=\"wpb_wrapper\"><h2 style=\"text-align: center\" class=\"vc_custom_heading\">Our <strong>Blog<\/strong><\/h2><div class=\"porto-recent-posts wpb_content_element \">    <div class=\"row\">\r\n        <div class=\"post-carousel owl-carousel\" data-cols-lg=\"4\" data-cols-md=\"3\" data-cols-sm=\"2\">\r\n            <div class=\"post-slide\">    <div class=\"post-item\">\r\n                    <div class=\"post-image thumbnail\">\r\n                <div class=\"thumb-info\">\r\n                    <a href=\"http:\/\/meccamall.jo\/english2\/705\/\">\r\n                        <img loading=\"lazy\" decoding=\"async\" class=\"img-responsive\" width=\"348\" height=\"231\" src=\"http:\/\/meccamall.jo\/english2\/wp-content\/uploads\/2010\/10\/zx.png\" alt=\"\" data-image=\"http:\/\/meccamall.jo\/english2\/wp-content\/uploads\/2010\/10\/zx.png\" data-caption=\"\" \/>\r\n                    <\/a>\r\n                                            <span class=\"zoom\"><i class=\"fa fa-search\"><\/i><\/span>\r\n                                    <\/div>\r\n            <\/div>\r\n                <div class=\"post-date\">\r\n                <span class=\"day\">18<\/span>\r\n    <span class=\"month\">Oct<\/span>\r\n            <\/div>\r\n        <h4>\r\n            <a href=\"http:\/\/meccamall.jo\/english2\/705\/\">Mecca Mall<\/a>\r\n        <\/h4>\r\n        <p class=\"post-excerpt\">With the opening of Mecca Mall, Jordan witnessed its first mega mall.\r\n\r\nMecca Mall revolutionized the concept of shopping; through...  <a class=\"read-more\" href=\"http:\/\/meccamall.jo\/english2\/705\/\">read more <i class=\"fa fa-angle-right\"><\/i><\/a><\/p>    <\/div>\r\n<\/div><div class=\"post-slide\">    <div class=\"post-item\">\r\n                <div class=\"post-date\">\r\n                <span class=\"day\">09<\/span>\r\n    <span class=\"month\">Jun<\/span>\r\n            <\/div>\r\n        <h4>\r\n            <a href=\"http:\/\/meccamall.jo\/english2\/how-to-help-earn-budget-marketing-wedding-supplies\/\">How to Help Earn budget Marketing wedding Supplies<\/a>\r\n        <\/h4>\r\n        <p class=\"post-excerpt\">I'm not suggesting you have to spend a very single dollar on people leads. I choose and show your...  <a class=\"read-more\" href=\"http:\/\/meccamall.jo\/english2\/how-to-help-earn-budget-marketing-wedding-supplies\/\">read more <i class=\"fa fa-angle-right\"><\/i><\/a><\/p>    <\/div>\r\n<\/div><div class=\"post-slide\">    <div class=\"post-item\">\r\n                <div class=\"post-date\">\r\n                <span class=\"day\">09<\/span>\r\n    <span class=\"month\">Jun<\/span>\r\n            <\/div>\r\n        <h4>\r\n            <a href=\"http:\/\/meccamall.jo\/english2\/marketing-partnerski-i-reklama-z-blogami-zlota-ges\/\">Marketing partnerski i reklama z blogami: Z\u0142ota g\u0119\u015b?<\/a>\r\n        <\/h4>\r\n        <p class=\"post-excerpt\">Media te s\u0105 solidnym z\u0142otem, a ponadto jest to co\u015b, co du\u017ca wi\u0119kszo\u015b\u0107 ludzi, kt\u00f3rzy zwykle zacz\u0119li sie\u0107, \u017cyczy\u0142a...  <a class=\"read-more\" href=\"http:\/\/meccamall.jo\/english2\/marketing-partnerski-i-reklama-z-blogami-zlota-ges\/\">read more <i class=\"fa fa-angle-right\"><\/i><\/a><\/p>    <\/div>\r\n<\/div><div class=\"post-slide\">    <div class=\"post-item\">\r\n                <div class=\"post-date\">\r\n                <span class=\"day\">09<\/span>\r\n    <span class=\"month\">Jun<\/span>\r\n            <\/div>\r\n        <h4>\r\n            <a href=\"http:\/\/meccamall.jo\/english2\/archimedes-since-for-is-blank-to-as-space-4-how-e-make-money-doing-quasi-nothing\/\">Archimedes |. | Since | for | is | (Blank) | To | ~ | as |, | (Space) | 4. |:} How e Make Money Doing quasi Nothing<\/a>\r\n        <\/h4>\r\n        <p class=\"post-excerpt\">Ricorda che i clienti hanno la necessit\u00e0 che le persone normali visitino nuovamente il sito Web specifico, quindi molto...  <a class=\"read-more\" href=\"http:\/\/meccamall.jo\/english2\/archimedes-since-for-is-blank-to-as-space-4-how-e-make-money-doing-quasi-nothing\/\">read more <i class=\"fa fa-angle-right\"><\/i><\/a><\/p>    <\/div>\r\n<\/div><div class=\"post-slide\">    <div class=\"post-item\">\r\n                <div class=\"post-date\">\r\n                <span class=\"day\">09<\/span>\r\n    <span class=\"month\">Jun<\/span>\r\n            <\/div>\r\n        <h4>\r\n            <a href=\"http:\/\/meccamall.jo\/english2\/effective-service-systems\/\">Effective service Systems<\/a>\r\n        <\/h4>\r\n        <p class=\"post-excerpt\">Don't Limit. Your nothing but visiting stumble short whether or not you toss in the towel. Simple and easy....  <a class=\"read-more\" href=\"http:\/\/meccamall.jo\/english2\/effective-service-systems\/\">read more <i class=\"fa fa-angle-right\"><\/i><\/a><\/p>    <\/div>\r\n<\/div>        <\/div>\r\n    <\/div>\r\n    <\/div><\/div><\/div><\/div><\/div><\/div>\n","protected":false},"excerpt":{"rendered":"Don't Limit. Your nothing but visiting stumble short whether or not you toss in the towel. Simple and easy. Execs take across their day-to-day activities by way of a smile. They conduct not award up since that time it's efficient or \"takes excessive initiative.\" You is likely to not fold if you can do never [...]","protected":false},"author":277,"featured_media":0,"parent":12446,"menu_order":0,"comment_status":"closed","ping_status":"closed","template":"","meta":{"ngg_post_thumbnail":0,"footnotes":""},"class_list":["post-3266","page","type-page","status-publish","hentry"],"_links":{"self":[{"href":"http:\/\/meccamall.jo\/english2\/wp-json\/wp\/v2\/pages\/3266","targetHints":{"allow":["GET"]}}],"collection":[{"href":"http:\/\/meccamall.jo\/english2\/wp-json\/wp\/v2\/pages"}],"about":[{"href":"http:\/\/meccamall.jo\/english2\/wp-json\/wp\/v2\/types\/page"}],"author":[{"embeddable":true,"href":"http:\/\/meccamall.jo\/english2\/wp-json\/wp\/v2\/users\/277"}],"replies":[{"embeddable":true,"href":"http:\/\/meccamall.jo\/english2\/wp-json\/wp\/v2\/comments?post=3266"}],"version-history":[{"count":0,"href":"http:\/\/meccamall.jo\/english2\/wp-json\/wp\/v2\/pages\/3266\/revisions"}],"up":[{"embeddable":true,"href":"http:\/\/meccamall.jo\/english2\/wp-json\/wp\/v2\/pages\/12446"}],"wp:attachment":[{"href":"http:\/\/meccamall.jo\/english2\/wp-json\/wp\/v2\/media?parent=3266"}],"curies":[{"name":"wp","href":"https:\/\/api.w.org\/{rel}","templated":true}]}}