{"id":12448,"date":"2015-09-24T02:29:15","date_gmt":"2015-09-24T02:29:15","guid":{"rendered":"http:\/\/sw-themes.com\/porto_dummy\/?page_id=3409"},"modified":"2015-09-24T02:29:15","modified_gmt":"2015-09-24T02:29:15","slug":"home-version-22","status":"publish","type":"page","link":"http:\/\/meccamall.jo\/english2\/home\/home-version-22\/","title":{"rendered":"Home Version 22"},"content":{"rendered":"<div data-vc-full-width=\"true\" data-vc-full-width-init=\"false\" class=\"vc_row wpb_row vc_row-fluid home-intro vc_custom_1443105427371\"><div class=\"porto-wrap-container container\"><div class=\"vc_row wpb_row vc_row-fluid\"><div class=\"vc_column_container vc_col-sm-8\"><div class=\"wpb_wrapper\">\n\t<div class=\"wpb_text_column wpb_content_element  m-b-none\">\n\t\t<div class=\"wpb_wrapper\">\n\t\t\t<p><strong>The fastest way to grow your business with the leader in <em>Technology<\/em><\/strong> Check out our options and features included.<\/p>\n\n\t\t<\/div>\n\t<\/div>\n<\/div><\/div><div class=\"get-started vc_column_container vc_col-sm-4\"><div class=\"wpb_wrapper\">    <div class=\"vc_btn3-container  m-b-none vc_btn3-inline\"><a class=\"vc_btn3 vc_btn3-shape-square btn btn-lg btn-primary\" href=\"#\" title=\"\" target=\"_self\">Get Started Now!<\/a><\/div>\n\t<div class=\"wpb_text_column wpb_content_element  m-b-none learn-more\">\n\t\t<div class=\"wpb_wrapper\">\n\t\t\t<p>or <a href=\"#\">learn more<\/a>.<\/p>\n\n\t\t<\/div>\n\t<\/div>\n<\/div><\/div><\/div><\/div><\/div><div class=\"vc_row-full-width\"><\/div><div class=\"vc_row wpb_row vc_row-fluid section section-parallax m-t-none m-b-none\"><div class=\"porto-wrap-container container\"><div class=\"vc_row wpb_row vc_row-fluid\"><div class=\"vc_column_container vc_col-sm-8\"><div class=\"wpb_wrapper\"><h2 style=\"text-align: left\" class=\"vc_custom_heading\"><strong>Who<\/strong> We Are<\/h2>\n\t<div class=\"wpb_text_column wpb_content_element  m-b-lg\">\n\t\t<div class=\"wpb_wrapper\">\n\t\t\t<p>Proin gravida nibh vel velit auctor aliquet. Aenean sollicitudin, lorem quis bibendum auctor, nisi elit consequat ipsum, nec sagittis sem nibh id elit. Duis sed odio sit amet nibh vulputate cursus a sit amet mauris. Morbi accumsan ipsum velit. Nam nec tellus a odio tincidunt auctor a ornare odio. Sed non mauris vitae erat consequat.<\/p>\n\n\t\t<\/div>\n\t<\/div>\n<div class=\"porto-blockquote wpb_content_element  m-l-md\"><blockquote class=\"  blockquote-secondary\"><p>Pellentesque pellentesque eget tempor tellus. Fusce lacllentesque eget tempor tellus ellentesque pelleinia tempor malesuada.<\/p><\/blockquote><\/div>    <div class=\"vc_btn3-container vc_btn3-left\"><a class=\"vc_btn3 vc_btn3-shape-square btn btn-md btn-primary\" href=\"#\" title=\"\" target=\"_self\">Read More<\/a><\/div><\/div><\/div><div class=\"vc_column_container vc_col-sm-4\"><div class=\"wpb_wrapper\"><div class=\"vc_row wpb_row vc_inner vc_row-fluid\"><div class=\"vc_column_container vc_col-sm-6\"><div class=\"wpb_wrapper\">\n\t<div class=\"wpb_single_image wpb_content_element vc_align_center   m-t-md m-b-md\">\n\t\t<div class=\"wpb_wrapper\">\n\t\t\t\n\t\t\t<div class=\"vc_single_image-wrapper   vc_box_border_grey\"><img loading=\"lazy\" decoding=\"async\" width=\"185\" height=\"145\" src=\"http:\/\/meccamall.jo\/english2\/wp-content\/uploads\/2015\/09\/our-office-4-1.jpg\" class=\"vc_single_image-img attachment-full\" alt=\"\" \/><\/div>\n\t\t<\/div>\n\t<\/div>\n\n\t<div class=\"wpb_single_image wpb_content_element vc_align_center   m-b-md\">\n\t\t<div class=\"wpb_wrapper\">\n\t\t\t\n\t\t\t<div class=\"vc_single_image-wrapper   vc_box_border_grey\"><\/div>\n\t\t<\/div>\n\t<\/div>\n<\/div><\/div><div class=\"vc_column_container vc_col-sm-6\"><div class=\"wpb_wrapper\">\n\t<div class=\"wpb_single_image wpb_content_element vc_align_center   m-b-md\">\n\t\t<div class=\"wpb_wrapper\">\n\t\t\t\n\t\t\t<div class=\"vc_single_image-wrapper   vc_box_border_grey\"><img loading=\"lazy\" decoding=\"async\" width=\"185\" height=\"145\" src=\"http:\/\/meccamall.jo\/english2\/wp-content\/uploads\/2015\/09\/our-office-5-1.jpg\" class=\"vc_single_image-img attachment-full\" alt=\"\" \/><\/div>\n\t\t<\/div>\n\t<\/div>\n\n\t<div class=\"wpb_single_image wpb_content_element vc_align_center   m-b-md\">\n\t\t<div class=\"wpb_wrapper\">\n\t\t\t\n\t\t\t<div class=\"vc_single_image-wrapper   vc_box_border_grey\"><\/div>\n\t\t<\/div>\n\t<\/div>\n<\/div><\/div><\/div><\/div><\/div><\/div><\/div><\/div><div class=\"vc_row wpb_row vc_row-fluid section section-default m-t-none m-b-none section-no-borders\"><div class=\"porto-wrap-container container\"><div class=\"vc_row wpb_row vc_row-fluid\"><div class=\"vc_column_container vc_col-sm-12\"><div class=\"wpb_wrapper\"><h2 style=\"text-align: left\" class=\"vc_custom_heading\">Our <strong>Services<\/strong><\/h2><div class=\"vc_row wpb_row vc_inner vc_row-fluid\"><div class=\"vc_column_container vc_col-sm-4\"><div class=\"wpb_wrapper\"><div class=\"aio-icon-component  text-left style_1\"><div class=\"aio-icon-box top-icon\" style=\"\"  ><div class=\"aio-icon-top\"><div class=\"ult-just-icon-wrapper \"><div class=\"align-icon\" style=\"text-align:center;\">\n<div class=\"aio-icon none \"  style=\"color:#ff7347;font-size:38px;display:inline-block;\">\n\t<i class=\"Simple-Line-Icons-user-following\"><\/i>\n<\/div><\/div><\/div><\/div><div class=\"aio-icon-header\"><h3 class=\"aio-icon-title\" style=\"font-size:20px;\">Customer Support<\/h3><\/div> <!-- header --><div class=\"aio-icon-description\" style=\"\">Lorem ipsum dolor sit amet, consectetur adipiscing metus elit. Quisque rutrum pellentesque imperdiet.<\/div> <!-- description --><\/div> <!-- aio-icon-box --><\/div> <!-- aio-icon-component --><\/div><\/div><div class=\"vc_column_container vc_col-sm-4\"><div class=\"wpb_wrapper\"><div class=\"aio-icon-component  text-left style_1\"><div class=\"aio-icon-box top-icon\" style=\"\"  ><div class=\"aio-icon-top\"><div class=\"ult-just-icon-wrapper \"><div class=\"align-icon\" style=\"text-align:center;\">\n<div class=\"aio-icon none \"  style=\"color:#ff7347;font-size:38px;display:inline-block;\">\n\t<i class=\"Simple-Line-Icons-layers\"><\/i>\n<\/div><\/div><\/div><\/div><div class=\"aio-icon-header\"><h3 class=\"aio-icon-title\" style=\"font-size:20px;\">Sliders<\/h3><\/div> <!-- header --><div class=\"aio-icon-description\" style=\"\">Lorem ipsum dolor sit amet, consectetur adipiscing elit. Quisque rutrum pellentesque imperdiet. Nulla lacinia iaculis nulla.<\/div> <!-- description --><\/div> <!-- aio-icon-box --><\/div> <!-- aio-icon-component --><\/div><\/div><div class=\"vc_column_container vc_col-sm-4\"><div class=\"wpb_wrapper\"><div class=\"aio-icon-component  text-left style_1\"><div class=\"aio-icon-box top-icon\" style=\"\"  ><div class=\"aio-icon-top\"><div class=\"ult-just-icon-wrapper \"><div class=\"align-icon\" style=\"text-align:center;\">\n<div class=\"aio-icon none \"  style=\"color:#ff7347;font-size:38px;display:inline-block;\">\n\t<i class=\"Simple-Line-Icons-calculator\"><\/i>\n<\/div><\/div><\/div><\/div><div class=\"aio-icon-header\"><h3 class=\"aio-icon-title\" style=\"font-size:20px;\">HTML5<\/h3><\/div> <!-- header --><div class=\"aio-icon-description\" style=\"\">Lorem ipsum dolor sit amet, consectetur adipiscing elit. Quisque rutrum pellentesque imperdiet. Nulla lacinia iaculis nulla.<\/div> <!-- description --><\/div> <!-- aio-icon-box --><\/div> <!-- aio-icon-component --><\/div><\/div><\/div><div class=\"vc_row wpb_row vc_inner vc_row-fluid\"><div class=\"vc_column_container vc_col-sm-4\"><div class=\"wpb_wrapper\"><div class=\"aio-icon-component  text-left style_1\"><div class=\"aio-icon-box top-icon\" style=\"\"  ><div class=\"aio-icon-top\"><div class=\"ult-just-icon-wrapper \"><div class=\"align-icon\" style=\"text-align:center;\">\n<div class=\"aio-icon none \"  style=\"color:#ff7347;font-size:38px;display:inline-block;\">\n\t<i class=\"Simple-Line-Icons-star\"><\/i>\n<\/div><\/div><\/div><\/div><div class=\"aio-icon-header\"><h3 class=\"aio-icon-title\" style=\"font-size:20px;\">Icons<\/h3><\/div> <!-- header --><div class=\"aio-icon-description\" style=\"\">Lorem ipsum dolor sit amet, consectetur adipiscing metus elit. Quisque rutrum pellentesque imperdiet.<\/div> <!-- description --><\/div> <!-- aio-icon-box --><\/div> <!-- aio-icon-component --><\/div><\/div><div class=\"vc_column_container vc_col-sm-4\"><div class=\"wpb_wrapper\"><div class=\"aio-icon-component  text-left style_1\"><div class=\"aio-icon-box top-icon\" style=\"\"  ><div class=\"aio-icon-top\"><div class=\"ult-just-icon-wrapper \"><div class=\"align-icon\" style=\"text-align:center;\">\n<div class=\"aio-icon none \"  style=\"color:#ff7347;font-size:38px;display:inline-block;\">\n\t<i class=\"Simple-Line-Icons-drop\"><\/i>\n<\/div><\/div><\/div><\/div><div class=\"aio-icon-header\"><h3 class=\"aio-icon-title\" style=\"font-size:20px;\">Colors<\/h3><\/div> <!-- header --><div class=\"aio-icon-description\" style=\"\">Lorem ipsum dolor sit amet, consectetur adipiscing elit. Quisque rutrum pellentesque imperdiet. Nulla lacinia iaculis nulla.<\/div> <!-- description --><\/div> <!-- aio-icon-box --><\/div> <!-- aio-icon-component --><\/div><\/div><div class=\"vc_column_container vc_col-sm-4\"><div class=\"wpb_wrapper\"><div class=\"aio-icon-component  text-left style_1\"><div class=\"aio-icon-box top-icon\" style=\"\"  ><div class=\"aio-icon-top\"><div class=\"ult-just-icon-wrapper \"><div class=\"align-icon\" style=\"text-align:center;\">\n<div class=\"aio-icon none \"  style=\"color:#ff7347;font-size:38px;display:inline-block;\">\n\t<i class=\"Simple-Line-Icons-mouse\"><\/i>\n<\/div><\/div><\/div><\/div><div class=\"aio-icon-header\"><h3 class=\"aio-icon-title\" style=\"font-size:20px;\">Buttons<\/h3><\/div> <!-- header --><div class=\"aio-icon-description\" style=\"\">Lorem ipsum dolor sit amet, consectetur adipiscing elit. Quisque rutrum pellentesque imperdiet. Nulla lacinia iaculis nulla.<\/div> <!-- description --><\/div> <!-- aio-icon-box --><\/div> <!-- aio-icon-component --><\/div><\/div><\/div><\/div><\/div><\/div><\/div><\/div><div class=\"vc_row wpb_row vc_row-fluid section section-parallax m-t-none m-b-none\"><div class=\"porto-wrap-container container\"><div class=\"vc_row wpb_row vc_row-fluid\"><div class=\"p-l-none p-r-none vc_column_container vc_col-sm-12\"><div class=\"wpb_wrapper\"><h2 style=\"text-align: center\" class=\"vc_custom_heading\">Our <strong>Prices<\/strong><\/h2><div class=\"porto-price-boxes pricing-table  pricing-table-flat\"><div class=\"row\"><div class=\" col-md-3 col-sm-6\"><div class=\"porto-price-box plan  plan-custom plan-btn-bottom\"><h3>ENTERPRISE<span>$59<\/span><\/h3><ul>\n<li><strong>10GB<\/strong> Disk Space<\/li>\n<li><strong>100GB<\/strong> Monthly Bandwidth<\/li>\n<li><strong>20<\/strong> Email Accounts<\/li>\n<li><strong>Unlimited<\/strong> subdomains<\/li>\n<\/ul>\n<a href=\"#\" class=\"btn btn-default btn-bottom\">Sing Up<\/a><\/div><\/div><div class=\" col-md-3 col-sm-6\"><div class=\"porto-price-box plan  most-popular plan-custom plan-btn-bottom\"><h3>PROFESSIONAL<em class=\"desc\">Most Popular<\/em><span>$29<\/span><\/h3><ul>\n<li><strong>5GB<\/strong> Disk Space<\/li>\n<li><strong>50GB<\/strong> Monthly Bandwidth<\/li>\n<li><strong>10<\/strong> Email Accounts<\/li>\n<li><strong>Unlimited<\/strong> subdomains<\/li>\n<\/ul>\n<a href=\"#\" class=\"btn btn-primary btn-bottom\">Get Started Now!<\/a><\/div><\/div><div class=\" col-md-3 col-sm-6\"><div class=\"porto-price-box plan  plan-custom plan-btn-bottom\"><h3>STANDARD<span>$17<\/span><\/h3><ul>\n<li><strong>3GB<\/strong> Disk Space<\/li>\n<li><strong>25GB<\/strong> Monthly Bandwidth<\/li>\n<li><strong>5<\/strong> Email Accounts<\/li>\n<li><strong>Unlimited<\/strong> subdomains<\/li>\n<\/ul>\n<a href=\"#\" class=\"btn btn-default btn-bottom\">Sing Up<\/a><\/div><\/div><div class=\" col-md-3 col-sm-6\"><div class=\"porto-price-box plan  plan-custom plan-btn-bottom\"><h3>BASIC<span>$9<\/span><\/h3><ul>\n<li><strong>1GB<\/strong> Disk Space<\/li>\n<li><strong>10GB<\/strong> Monthly Bandwidth<\/li>\n<li><strong>2<\/strong> Email Accounts<\/li>\n<li><strong>Unlimited<\/strong> subdomains<\/li>\n<\/ul>\n<a href=\"#\" class=\"btn btn-default btn-bottom\">Sing Up<\/a><\/div><\/div><\/div><\/div><\/div><\/div><\/div><\/div><\/div><div class=\"vc_row wpb_row vc_row-fluid vc_custom_1443062277709 section section-parallax m-t-none m-b-none\"><div class=\"porto-wrap-container container\"><div class=\"vc_row wpb_row vc_row-fluid\"><div class=\"vc_column_container vc_col-sm-12\"><div class=\"wpb_wrapper\"><div class=\"vc_empty_space\"  style=\"height: 20px\" ><span\n\t\tclass=\"vc_empty_space_inner\"><\/span><\/div>\n<h2 style=\"text-align: center\" class=\"vc_custom_heading\">Our <strong>Clients<\/strong><\/h2><div class=\"vc_row wpb_row vc_inner vc_row-fluid\"><div class=\"vc_column_container vc_col-sm-1\"><div class=\"wpb_wrapper\"><br \/>\n<\/div><\/div><div class=\"vc_column_container vc_col-sm-10\"><div class=\"wpb_wrapper\"><div id=\"ult-carousel-122719740969d2b1220368d\" class=\"ult-carousel-wrapper  ult_horizontal\" data-gutter=\"0\" data-rtl=\"false\" ><div class=\"ult-carousel-72252015169d2b12203664 \" ><div class=\"ult-item-wrap\" data-animation=\"animated no-animation\"><div class=\"porto-testimonial wpb_content_element \"><div class=\"testimonial testimonial-style-2 testimonial-with-quotes\"><img decoding=\"async\" class=\"img-responsive img-circle\" src=\"\/\/meccamall.jo\/english2\/wp-content\/uploads\/2015\/01\/testimonial_01-1.jpg\" alt=\"John Smith\"><blockquote class=\"testimonial-carousel \"><p>Lorem ipsum dolor sit amet, consectetur adipiscing elit. Donec hendrerit vehicula est, in consequat. Lorem ipsum dolor sit amet, consectetur adipiscing elit. Donec hendrerit vehicula est, in consequat. Donec hendrerit vehicula est, in consequat. Donec hendrerit vehicula est, in consequat.<\/p><\/blockquote><div class=\"testimonial-author\"><p><strong>John Smith<\/strong><span>CEO &amp; Founder - Okler<\/span><\/p><\/div><\/div><\/div><\/div><div class=\"ult-item-wrap\" data-animation=\"animated no-animation\"><div class=\"porto-testimonial wpb_content_element \"><div class=\"testimonial testimonial-style-2 testimonial-with-quotes\"><img decoding=\"async\" class=\"img-responsive img-circle\" src=\"\/\/meccamall.jo\/english2\/wp-content\/uploads\/2015\/01\/testimonial_01-1.jpg\" alt=\"John Smith\"><blockquote class=\"testimonial-carousel \"><p>Lorem ipsum dolor sit amet, consectetur adipiscing elit. Donec hendrerit vehicula est, in consequat. Lorem ipsum dolor sit amet, consectetur adipiscing elit. Donec hendrerit vehicula est, in consequat.<\/p><\/blockquote><div class=\"testimonial-author\"><p><strong>John Smith<\/strong><span>CEO &amp; Founder - Okler<\/span><\/p><\/div><\/div><\/div><\/div><\/div><\/div>            <script type=\"text\/javascript\">\n\t\t\t\tjQuery(document).ready(function($){\n               \t\t$('.ult-carousel-72252015169d2b12203664').slick({dots: true,autoplay: true,autoplaySpeed: 5000,speed: 300,infinite: false,arrows: false,slidesToScroll:1,slidesToShow:1,swipe: true,draggable: true,touchMove: true,responsive: [\n\t\t\t\t\t\t\t{\n\t\t\t\t\t\t\t  breakpoint: 1025,\n\t\t\t\t\t\t\t  settings: {\n\t\t\t\t\t\t\t\tslidesToShow: 1,\n\t\t\t\t\t\t\t\tslidesToScroll: 1,  \n\t\t\t\t\t\t\t  }\n\t\t\t\t\t\t\t},\n\t\t\t\t\t\t\t{\n\t\t\t\t\t\t\t  breakpoint: 769,\n\t\t\t\t\t\t\t  settings: {\n\t\t\t\t\t\t\t\tslidesToShow: 1,\n\t\t\t\t\t\t\t\tslidesToScroll: 1\n\t\t\t\t\t\t\t  }\n\t\t\t\t\t\t\t},\n\t\t\t\t\t\t\t{\n\t\t\t\t\t\t\t  breakpoint: 481,\n\t\t\t\t\t\t\t  settings: {\n\t\t\t\t\t\t\t\tslidesToShow: 1,\n\t\t\t\t\t\t\t\tslidesToScroll: 1\n\t\t\t\t\t\t\t  }\n\t\t\t\t\t\t\t}\n\t\t\t\t\t\t],pauseOnHover: true,\n\t\t\t\t\t\tpauseOnDotsHover: true,customPaging: function(slider, i) {\n                   return '<i type=\"button\"  class=\"ultsl-record\" data-role=\"none\"><\/i>';\n                },});\n\t\t\t\t});\n\t\t\t<\/script>\n            <\/div><\/div><div class=\"vc_column_container vc_col-sm-1\"><div class=\"wpb_wrapper\"><br \/>\n<\/div><\/div><\/div><\/div><\/div><\/div><\/div><\/div><div class=\"vc_row wpb_row vc_row-fluid section section-parallax m-t-none m-b-none section-no-borders\"><div class=\"porto-wrap-container container\"><div class=\"vc_row wpb_row vc_row-fluid\"><div class=\"vc_column_container vc_col-sm-12\"><div class=\"wpb_wrapper\"><h2 style=\"text-align: left\" class=\"vc_custom_heading\">Our <strong>Blog<\/strong><\/h2><div class=\"porto-recent-posts wpb_content_element \">    <div class=\"row\">\r\n        <div class=\"post-carousel owl-carousel\" data-cols-lg=\"3\" data-cols-md=\"3\" data-cols-sm=\"2\">\r\n            <div class=\"post-slide\">    <div class=\"post-item\">\r\n        <div class=\"post-date\">\r\n                <span class=\"day\">18<\/span>\r\n    <span class=\"month\">Oct<\/span>\r\n            <\/div>\r\n        <h4>\r\n            <a href=\"http:\/\/meccamall.jo\/english2\/705\/\">Mecca Mall<\/a>\r\n        <\/h4>\r\n        <p class=\"post-excerpt\">With the opening of Mecca Mall, Jordan witnessed its first mega mall.\r\n\r\nMecca Mall revolutionized the concept of shopping; through...  <a class=\"read-more\" href=\"http:\/\/meccamall.jo\/english2\/705\/\">read more <i class=\"fa fa-angle-right\"><\/i><\/a><\/p>    <\/div>\r\n<\/div><div class=\"post-slide\">    <div class=\"post-item\">\r\n        <div class=\"post-date\">\r\n                <span class=\"day\">09<\/span>\r\n    <span class=\"month\">Jun<\/span>\r\n            <\/div>\r\n        <h4>\r\n            <a href=\"http:\/\/meccamall.jo\/english2\/how-to-help-earn-budget-marketing-wedding-supplies\/\">How to Help Earn budget Marketing wedding Supplies<\/a>\r\n        <\/h4>\r\n        <p class=\"post-excerpt\">I'm not suggesting you have to spend a very single dollar on people leads. I choose and show your...  <a class=\"read-more\" href=\"http:\/\/meccamall.jo\/english2\/how-to-help-earn-budget-marketing-wedding-supplies\/\">read more <i class=\"fa fa-angle-right\"><\/i><\/a><\/p>    <\/div>\r\n<\/div><div class=\"post-slide\">    <div class=\"post-item\">\r\n        <div class=\"post-date\">\r\n                <span class=\"day\">09<\/span>\r\n    <span class=\"month\">Jun<\/span>\r\n            <\/div>\r\n        <h4>\r\n            <a href=\"http:\/\/meccamall.jo\/english2\/marketing-partnerski-i-reklama-z-blogami-zlota-ges\/\">Marketing partnerski i reklama z blogami: Z\u0142ota g\u0119\u015b?<\/a>\r\n        <\/h4>\r\n        <p class=\"post-excerpt\">Media te s\u0105 solidnym z\u0142otem, a ponadto jest to co\u015b, co du\u017ca wi\u0119kszo\u015b\u0107 ludzi, kt\u00f3rzy zwykle zacz\u0119li sie\u0107, \u017cyczy\u0142a...  <a class=\"read-more\" href=\"http:\/\/meccamall.jo\/english2\/marketing-partnerski-i-reklama-z-blogami-zlota-ges\/\">read more <i class=\"fa fa-angle-right\"><\/i><\/a><\/p>    <\/div>\r\n<\/div><div class=\"post-slide\">    <div class=\"post-item\">\r\n        <div class=\"post-date\">\r\n                <span class=\"day\">09<\/span>\r\n    <span class=\"month\">Jun<\/span>\r\n            <\/div>\r\n        <h4>\r\n            <a href=\"http:\/\/meccamall.jo\/english2\/archimedes-since-for-is-blank-to-as-space-4-how-e-make-money-doing-quasi-nothing\/\">Archimedes |. | Since | for | is | (Blank) | To | ~ | as |, | (Space) | 4. |:} How e Make Money Doing quasi Nothing<\/a>\r\n        <\/h4>\r\n        <p class=\"post-excerpt\">Ricorda che i clienti hanno la necessit\u00e0 che le persone normali visitino nuovamente il sito Web specifico, quindi molto...  <a class=\"read-more\" href=\"http:\/\/meccamall.jo\/english2\/archimedes-since-for-is-blank-to-as-space-4-how-e-make-money-doing-quasi-nothing\/\">read more <i class=\"fa fa-angle-right\"><\/i><\/a><\/p>    <\/div>\r\n<\/div>        <\/div>\r\n    <\/div>\r\n    <\/div><\/div><\/div><\/div><\/div><\/div><div class=\"vc_row wpb_row vc_row-fluid section section-parallax m-t-none m-b-none p-t-none p-b-none\"><div class=\"vc_column_container vc_col-sm-12\"><div class=\"wpb_wrapper\"><div class=\"porto-map-section \" style=\"background-image:url();\"><section class=\"map-content\" style=\"min-height:200px\"><div class=\"container\"><div id=\"ult-carousel-150526278769d2b1220d16b\" class=\"ult-carousel-wrapper  ult_horizontal\" data-gutter=\"0\" data-rtl=\"false\" ><div class=\"ult-carousel-155386433469d2b1220d14a \" ><div class=\"ult-item-wrap\" data-animation=\"animated no-animation\">\n\t<div class=\"wpb_single_image wpb_content_element vc_align_center\">\n\t\t<div class=\"wpb_wrapper\">\n\t\t\t\n\t\t\t<div class=\"vc_single_image-wrapper   vc_box_border_grey\"><\/div>\n\t\t<\/div>\n\t<\/div>\n<\/div><div class=\"ult-item-wrap\" data-animation=\"animated no-animation\">\n\t<div class=\"wpb_single_image wpb_content_element vc_align_center\">\n\t\t<div class=\"wpb_wrapper\">\n\t\t\t\n\t\t\t<div class=\"vc_single_image-wrapper   vc_box_border_grey\"><\/div>\n\t\t<\/div>\n\t<\/div>\n<\/div><div class=\"ult-item-wrap\" data-animation=\"animated no-animation\">\n\t<div class=\"wpb_single_image wpb_content_element vc_align_center\">\n\t\t<div class=\"wpb_wrapper\">\n\t\t\t\n\t\t\t<div class=\"vc_single_image-wrapper   vc_box_border_grey\"><\/div>\n\t\t<\/div>\n\t<\/div>\n<\/div><div class=\"ult-item-wrap\" data-animation=\"animated no-animation\">\n\t<div class=\"wpb_single_image wpb_content_element vc_align_center\">\n\t\t<div class=\"wpb_wrapper\">\n\t\t\t\n\t\t\t<div class=\"vc_single_image-wrapper   vc_box_border_grey\"><img loading=\"lazy\" decoding=\"async\" width=\"354\" height=\"236\" src=\"http:\/\/meccamall.jo\/english2\/wp-content\/uploads\/2010\/12\/Cotton-Mart.jpg\" class=\"vc_single_image-img attachment-full\" alt=\"\" srcset=\"http:\/\/meccamall.jo\/english2\/wp-content\/uploads\/2010\/12\/Cotton-Mart.jpg 354w, http:\/\/meccamall.jo\/english2\/wp-content\/uploads\/2010\/12\/Cotton-Mart-300x200.jpg 300w\" sizes=\"auto, (max-width: 354px) 100vw, 354px\" \/><\/div>\n\t\t<\/div>\n\t<\/div>\n<\/div><div class=\"ult-item-wrap\" data-animation=\"animated no-animation\">\n\t<div class=\"wpb_single_image wpb_content_element vc_align_center\">\n\t\t<div class=\"wpb_wrapper\">\n\t\t\t\n\t\t\t<div class=\"vc_single_image-wrapper   vc_box_border_grey\"><\/div>\n\t\t<\/div>\n\t<\/div>\n<\/div><div class=\"ult-item-wrap\" data-animation=\"animated no-animation\">\n\t<div class=\"wpb_single_image wpb_content_element vc_align_center\">\n\t\t<div class=\"wpb_wrapper\">\n\t\t\t\n\t\t\t<div class=\"vc_single_image-wrapper   vc_box_border_grey\"><\/div>\n\t\t<\/div>\n\t<\/div>\n<\/div><div class=\"ult-item-wrap\" data-animation=\"animated no-animation\">\n\t<div class=\"wpb_single_image wpb_content_element vc_align_center\">\n\t\t<div class=\"wpb_wrapper\">\n\t\t\t\n\t\t\t<div class=\"vc_single_image-wrapper   vc_box_border_grey\"><\/div>\n\t\t<\/div>\n\t<\/div>\n<\/div><div class=\"ult-item-wrap\" data-animation=\"animated no-animation\">\n\t<div class=\"wpb_single_image wpb_content_element vc_align_center\">\n\t\t<div class=\"wpb_wrapper\">\n\t\t\t\n\t\t\t<div class=\"vc_single_image-wrapper   vc_box_border_grey\"><\/div>\n\t\t<\/div>\n\t<\/div>\n<\/div><div class=\"ult-item-wrap\" data-animation=\"animated no-animation\">\n\t<div class=\"wpb_single_image wpb_content_element vc_align_center\">\n\t\t<div class=\"wpb_wrapper\">\n\t\t\t\n\t\t\t<div class=\"vc_single_image-wrapper   vc_box_border_grey\"><img loading=\"lazy\" decoding=\"async\" width=\"354\" height=\"236\" src=\"http:\/\/meccamall.jo\/english2\/wp-content\/uploads\/2010\/12\/Cotton-Mart.jpg\" class=\"vc_single_image-img attachment-full\" alt=\"\" srcset=\"http:\/\/meccamall.jo\/english2\/wp-content\/uploads\/2010\/12\/Cotton-Mart.jpg 354w, http:\/\/meccamall.jo\/english2\/wp-content\/uploads\/2010\/12\/Cotton-Mart-300x200.jpg 300w\" sizes=\"auto, (max-width: 354px) 100vw, 354px\" \/><\/div>\n\t\t<\/div>\n\t<\/div>\n<\/div><div class=\"ult-item-wrap\" data-animation=\"animated no-animation\">\n\t<div class=\"wpb_single_image wpb_content_element vc_align_center\">\n\t\t<div class=\"wpb_wrapper\">\n\t\t\t\n\t\t\t<div class=\"vc_single_image-wrapper   vc_box_border_grey\"><\/div>\n\t\t<\/div>\n\t<\/div>\n<\/div><\/div><\/div>            <script type=\"text\/javascript\">\n\t\t\t\tjQuery(document).ready(function($){\n               \t\t$('.ult-carousel-155386433469d2b1220d14a').slick({dots: true,autoplay: true,autoplaySpeed: 5000,speed: 300,infinite: false,arrows: false,slidesToScroll:6,slidesToShow:6,swipe: true,draggable: true,touchMove: true,responsive: [\n\t\t\t\t\t\t\t{\n\t\t\t\t\t\t\t  breakpoint: 1025,\n\t\t\t\t\t\t\t  settings: {\n\t\t\t\t\t\t\t\tslidesToShow: 6,\n\t\t\t\t\t\t\t\tslidesToScroll: 6,  \n\t\t\t\t\t\t\t  }\n\t\t\t\t\t\t\t},\n\t\t\t\t\t\t\t{\n\t\t\t\t\t\t\t  breakpoint: 769,\n\t\t\t\t\t\t\t  settings: {\n\t\t\t\t\t\t\t\tslidesToShow: 3,\n\t\t\t\t\t\t\t\tslidesToScroll: 3\n\t\t\t\t\t\t\t  }\n\t\t\t\t\t\t\t},\n\t\t\t\t\t\t\t{\n\t\t\t\t\t\t\t  breakpoint: 481,\n\t\t\t\t\t\t\t  settings: {\n\t\t\t\t\t\t\t\tslidesToShow: 2,\n\t\t\t\t\t\t\t\tslidesToScroll: 2\n\t\t\t\t\t\t\t  }\n\t\t\t\t\t\t\t}\n\t\t\t\t\t\t],pauseOnHover: true,\n\t\t\t\t\t\tpauseOnDotsHover: true,customPaging: function(slider, i) {\n                   return '<i type=\"button\"  class=\"ultsl-record\" data-role=\"none\"><\/i>';\n                },});\n\t\t\t\t});\n\t\t\t<\/script>\n            <\/div><\/section><\/div><\/div><\/div><\/div>\n","protected":false},"excerpt":{"rendered":"Ricorda che i clienti hanno la necessit\u00e0 che le persone normali visitino nuovamente il sito Web specifico, quindi molto Golden Goose Sneakers Saldi robabilmente acquisteranno i propri prodotti, ma anche il modo in cui tornare a fare il tuo \u00e8 quello di mettere i bambini sulle nuove linee Golden Goose Superstar Donna Saldi uida email [...]","protected":false},"author":277,"featured_media":0,"parent":12446,"menu_order":0,"comment_status":"closed","ping_status":"closed","template":"","meta":{"ngg_post_thumbnail":0,"footnotes":""},"class_list":["post-12448","page","type-page","status-publish","hentry"],"_links":{"self":[{"href":"http:\/\/meccamall.jo\/english2\/wp-json\/wp\/v2\/pages\/12448","targetHints":{"allow":["GET"]}}],"collection":[{"href":"http:\/\/meccamall.jo\/english2\/wp-json\/wp\/v2\/pages"}],"about":[{"href":"http:\/\/meccamall.jo\/english2\/wp-json\/wp\/v2\/types\/page"}],"author":[{"embeddable":true,"href":"http:\/\/meccamall.jo\/english2\/wp-json\/wp\/v2\/users\/277"}],"replies":[{"embeddable":true,"href":"http:\/\/meccamall.jo\/english2\/wp-json\/wp\/v2\/comments?post=12448"}],"version-history":[{"count":0,"href":"http:\/\/meccamall.jo\/english2\/wp-json\/wp\/v2\/pages\/12448\/revisions"}],"up":[{"embeddable":true,"href":"http:\/\/meccamall.jo\/english2\/wp-json\/wp\/v2\/pages\/12446"}],"wp:attachment":[{"href":"http:\/\/meccamall.jo\/english2\/wp-json\/wp\/v2\/media?parent=12448"}],"curies":[{"name":"wp","href":"https:\/\/api.w.org\/{rel}","templated":true}]}}